{"id":1377,"date":"2025-10-02T10:03:04","date_gmt":"2025-10-02T10:03:04","guid":{"rendered":"https:\/\/industriascadi.com\/?page_id=1377"},"modified":"2026-03-18T23:35:14","modified_gmt":"2026-03-18T23:35:14","slug":"contacto-cadi","status":"publish","type":"page","link":"https:\/\/industriascadi.com\/en\/contacto-cadi\/","title":{"rendered":"CONTACT"},"content":{"rendered":"<div data-elementor-type=\"wp-page\" data-elementor-id=\"1377\" class=\"elementor elementor-1377\" data-elementor-post-type=\"page\">\n\t\t\t\t<div data-particle_enable=\"false\" data-particle-mobile-disabled=\"false\" class=\"elementor-element elementor-element-cfd8ed1 e-flex e-con-boxed e-con e-parent\" data-id=\"cfd8ed1\" data-element_type=\"container\" data-settings=\"{&quot;background_background&quot;:&quot;classic&quot;}\">\n\t\t\t\t\t<div class=\"e-con-inner\">\n\t\t<div data-particle_enable=\"false\" data-particle-mobile-disabled=\"false\" class=\"elementor-element elementor-element-61238ab e-con-full e-flex e-con e-child\" data-id=\"61238ab\" data-element_type=\"container\">\n\t\t\t\t<div class=\"elementor-element elementor-element-76a539b elementor-widget__width-inherit elementor-widget-tablet__width-initial elementor-hidden-desktop elementor-hidden-tablet elementor-hidden-mobile elementor-invisible elementor-widget elementor-widget-heading\" data-id=\"76a539b\" data-element_type=\"widget\" data-settings=\"{&quot;_animation&quot;:&quot;fadeInLeft&quot;}\" data-widget_type=\"heading.default\">\n\t\t\t\t<div class=\"elementor-widget-container\">\n\t\t\t\t\t<h1 class=\"elementor-heading-title elementor-size-default\">Contacto Cadi<\/h1>\t\t\t\t<\/div>\n\t\t\t\t<\/div>\n\t\t\t\t<div class=\"elementor-element elementor-element-e600b89 elementor-widget__width-initial elementor-widget-tablet__width-initial elementor-invisible elementor-widget elementor-widget-heading\" data-id=\"e600b89\" data-element_type=\"widget\" data-settings=\"{&quot;_animation&quot;:&quot;fadeInLeft&quot;}\" data-widget_type=\"heading.default\">\n\t\t\t\t<div class=\"elementor-widget-container\">\n\t\t\t\t\t<h2 class=\"elementor-heading-title elementor-size-default translation-block\">WE\u2019RE HERE TO HELP YOU <span style=\"color: #99c902\">BUILD YOUR PROJECT<\/span><\/h2>\t\t\t\t<\/div>\n\t\t\t\t<\/div>\n\t\t\t\t<div class=\"elementor-element elementor-element-c7c1633 elementor-widget__width-initial elementor-widget-tablet__width-inherit elementor-button-align-stretch elementor-widget elementor-widget-form\" data-id=\"c7c1633\" data-element_type=\"widget\" data-settings=\"{&quot;step_next_label&quot;:&quot;Next&quot;,&quot;step_previous_label&quot;:&quot;Previous&quot;,&quot;button_width&quot;:&quot;100&quot;,&quot;step_type&quot;:&quot;number_text&quot;,&quot;step_icon_shape&quot;:&quot;circle&quot;}\" data-widget_type=\"form.default\">\n\t\t\t\t<div class=\"elementor-widget-container\">\n\t\t\t\t\t\t\t<form class=\"elementor-form\" method=\"post\" name=\"New Form\" aria-label=\"New Form\" action=\"\">\n\t\t\t<input type=\"hidden\" name=\"post_id\" value=\"1377\"\/>\n\t\t\t<input type=\"hidden\" name=\"form_id\" value=\"c7c1633\"\/>\n\t\t\t<input type=\"hidden\" name=\"referer_title\" value=\"Contacto CADI - Industrias Cadi\" \/>\n\n\t\t\t\t\t\t\t<input type=\"hidden\" name=\"queried_id\" value=\"1377\"\/>\n\t\t\t\n\t\t\t<div class=\"elementor-form-fields-wrapper elementor-labels-\">\n\t\t\t\t\t\t\t\t<div class=\"elementor-field-type-text elementor-field-group elementor-column elementor-field-group-name elementor-col-100 elementor-field-required\">\n\t\t\t\t\t\t\t\t\t\t\t\t<label for=\"form-field-name\" class=\"elementor-field-label elementor-screen-only\">\n\t\t\t\t\t\t\t\tName\t\t\t\t\t\t\t<\/label>\n\t\t\t\t\t\t\t\t\t\t\t\t\t\t<input size=\"1\" type=\"text\" name=\"form_fields[name]\" id=\"form-field-name\" class=\"elementor-field elementor-size-sm  elementor-field-textual\" placeholder=\"Name\" required=\"required\">\n\t\t\t\t\t\t\t\t\t\t\t<\/div>\n\t\t\t\t\t\t\t\t<div class=\"elementor-field-type-email elementor-field-group elementor-column elementor-field-group-email elementor-col-100 elementor-field-required\">\n\t\t\t\t\t\t\t\t\t\t\t\t<label for=\"form-field-email\" class=\"elementor-field-label elementor-screen-only\">\n\t\t\t\t\t\t\t\tEmail\t\t\t\t\t\t\t<\/label>\n\t\t\t\t\t\t\t\t\t\t\t\t\t\t<input size=\"1\" type=\"email\" name=\"form_fields[email]\" id=\"form-field-email\" class=\"elementor-field elementor-size-sm  elementor-field-textual\" placeholder=\"Email\" required=\"required\">\n\t\t\t\t\t\t\t\t\t\t\t<\/div>\n\t\t\t\t\t\t\t\t<div class=\"elementor-field-type-textarea elementor-field-group elementor-column elementor-field-group-message elementor-col-100 elementor-field-required\">\n\t\t\t\t\t\t\t\t\t\t\t\t<label for=\"form-field-message\" class=\"elementor-field-label elementor-screen-only\">\n\t\t\t\t\t\t\t\tMessage\t\t\t\t\t\t\t<\/label>\n\t\t\t\t\t\t<textarea class=\"elementor-field-textual elementor-field  elementor-size-sm\" name=\"form_fields[message]\" id=\"form-field-message\" rows=\"4\" placeholder=\"Message\" required=\"required\"><\/textarea>\t\t\t\t<\/div>\n\t\t\t\t\t\t\t\t<div class=\"elementor-field-type-text\">\n\t\t\t\t\t<input size=\"1\" type=\"text\" name=\"form_fields[field_1e6b6c9]\" id=\"form-field-field_1e6b6c9\" class=\"elementor-field elementor-size-sm\" style=\"display:none !important;\">\t\t\t\t<\/div>\n\t\t\t\t\t\t\t\t<div class=\"elementor-field-group elementor-column elementor-field-type-submit elementor-col-100 e-form__buttons\">\n\t\t\t\t\t<button class=\"elementor-button elementor-size-sm\" type=\"submit\">\n\t\t\t\t\t\t<span class=\"elementor-button-content-wrapper\">\n\t\t\t\t\t\t\t\t\t\t\t\t\t\t\t\t\t\t\t\t\t\t<span class=\"elementor-button-text\">SEND<\/span>\n\t\t\t\t\t\t\t\t\t\t\t\t\t<\/span>\n\t\t\t\t\t<\/button>\n\t\t\t\t<\/div>\n\t\t\t<\/div>\n\t\t<input type=\"hidden\" name=\"trp-form-language\" value=\"en\"\/><\/form>\n\t\t\t\t\t\t<\/div>\n\t\t\t\t<\/div>\n\t\t\t\t<\/div>\n\t\t\t\t\t<\/div>\n\t\t\t\t<\/div>\n\t\t<div data-particle_enable=\"false\" data-particle-mobile-disabled=\"false\" class=\"elementor-element elementor-element-9b1110f e-flex e-con-boxed e-con e-parent\" data-id=\"9b1110f\" data-element_type=\"container\" data-settings=\"{&quot;background_background&quot;:&quot;gradient&quot;}\">\n\t\t\t\t\t<div class=\"e-con-inner\">\n\t\t<div data-particle_enable=\"false\" data-particle-mobile-disabled=\"false\" class=\"elementor-element elementor-element-2de5cb3 e-con-full e-flex elementor-invisible e-con e-child\" data-id=\"2de5cb3\" data-element_type=\"container\" data-settings=\"{&quot;animation&quot;:&quot;fadeInUp&quot;}\">\n\t\t\t\t<div class=\"elementor-element elementor-element-f2c9a46 elementor-widget__width-initial elementor-widget-mobile__width-inherit elementor-icon-list--layout-traditional elementor-list-item-link-full_width elementor-widget elementor-widget-icon-list\" data-id=\"f2c9a46\" data-element_type=\"widget\" data-widget_type=\"icon-list.default\">\n\t\t\t\t<div class=\"elementor-widget-container\">\n\t\t\t\t\t\t\t<ul class=\"elementor-icon-list-items\">\n\t\t\t\t\t\t\t<li class=\"elementor-icon-list-item\">\n\t\t\t\t\t\t\t\t\t\t\t<a href=\"tel:6044441411\">\n\n\t\t\t\t\t\t\t\t\t\t\t\t<span class=\"elementor-icon-list-icon\">\n\t\t\t\t\t\t\t<i aria-hidden=\"true\" class=\"fas fa-phone-alt\"><\/i>\t\t\t\t\t\t<\/span>\n\t\t\t\t\t\t\t\t\t\t<span class=\"elementor-icon-list-text\">Tel: (604) 444 14 11<\/span>\n\t\t\t\t\t\t\t\t\t\t\t<\/a>\n\t\t\t\t\t\t\t\t\t<\/li>\n\t\t\t\t\t\t\t\t<li class=\"elementor-icon-list-item\">\n\t\t\t\t\t\t\t\t\t\t\t<a href=\"https:\/\/wa.me\/573112902048\">\n\n\t\t\t\t\t\t\t\t\t\t\t\t<span class=\"elementor-icon-list-icon\">\n\t\t\t\t\t\t\t<i aria-hidden=\"true\" class=\"fab fa-whatsapp\"><\/i>\t\t\t\t\t\t<\/span>\n\t\t\t\t\t\t\t\t\t\t<span class=\"elementor-icon-list-text\">311 290 20 48<\/span>\n\t\t\t\t\t\t\t\t\t\t\t<\/a>\n\t\t\t\t\t\t\t\t\t<\/li>\n\t\t\t\t\t\t\t\t<li class=\"elementor-icon-list-item\">\n\t\t\t\t\t\t\t\t\t\t\t<a href=\"mailto:cadi@industriascadi.com\">\n\n\t\t\t\t\t\t\t\t\t\t\t\t<span class=\"elementor-icon-list-icon\">\n\t\t\t\t\t\t\t<i aria-hidden=\"true\" class=\"far fa-envelope\"><\/i>\t\t\t\t\t\t<\/span>\n\t\t\t\t\t\t\t\t\t\t<span class=\"elementor-icon-list-text\">Email: cadi@industriascadi.com<\/span>\n\t\t\t\t\t\t\t\t\t\t\t<\/a>\n\t\t\t\t\t\t\t\t\t<\/li>\n\t\t\t\t\t\t<\/ul>\n\t\t\t\t\t\t<\/div>\n\t\t\t\t<\/div>\n\t\t\t\t<div class=\"elementor-element elementor-element-411495a elementor-widget__width-initial elementor-widget-mobile__width-inherit elementor-icon-list--layout-traditional elementor-list-item-link-full_width elementor-widget elementor-widget-icon-list\" data-id=\"411495a\" data-element_type=\"widget\" data-widget_type=\"icon-list.default\">\n\t\t\t\t<div class=\"elementor-widget-container\">\n\t\t\t\t\t\t\t<ul class=\"elementor-icon-list-items\">\n\t\t\t\t\t\t\t<li class=\"elementor-icon-list-item translation-block\"><a href=\"https:\/\/maps.app.goo.gl\/XKiEPKvLQsiXT4Uw5\" target=\"_self\">\n\n\t\t\t\t\t\t\t\t\t\t\t\t<span class=\"elementor-icon-list-icon\">\n\t\t\t\t\t\t\t<i aria-hidden=\"true\" class=\"fas fa-map-marker-alt\"><\/i>\t\t\t\t\t\t<\/span>\n\t\t\t\t\t\t\t\t\t\t<span class=\"elementor-icon-list-text\">Medell\u00edn\u2013Bogot\u00e1 highway junction, 300 meters toward Jos\u00e9 Mar\u00eda C\u00f3rdova Airport \u2013 Guarne, Antioquia<\/span>\n\t\t\t\t\t\t\t\t\t\t\t<\/a><\/li>\n\t\t\t\t\t\t<\/ul>\n\t\t\t\t\t\t<\/div>\n\t\t\t\t<\/div>\n\t\t\t\t<\/div>\n\t\t\t\t\t<\/div>\n\t\t\t\t<\/div>\n\t\t<div data-particle_enable=\"false\" data-particle-mobile-disabled=\"false\" class=\"elementor-element elementor-element-1d19745 e-con-full e-flex elementor-invisible e-con e-parent\" data-id=\"1d19745\" data-element_type=\"container\" data-settings=\"{&quot;animation&quot;:&quot;fadeIn&quot;}\">\n\t\t\t\t<div class=\"elementor-element elementor-element-cf5c498 elementor-widget elementor-widget-google_maps\" data-id=\"cf5c498\" data-element_type=\"widget\" data-widget_type=\"google_maps.default\">\n\t\t\t\t<div class=\"elementor-widget-container\">\n\t\t\t\t\t\t\t<div class=\"elementor-custom-embed\">\n\t\t\t<iframe loading=\"lazy\"\n\t\t\t\t\tsrc=\"https:\/\/maps.google.com\/maps?q=Industrias%20Cadi%20S.A.S&#038;t=m&#038;z=15&#038;output=embed&#038;iwloc=near\"\n\t\t\t\t\ttitle=\"Industrias Cadi S.A.S\"\n\t\t\t\t\taria-label=\"Industrias Cadi S.A.S\"\n\t\t\t><\/iframe>\n\t\t<\/div>\n\t\t\t\t\t\t<\/div>\n\t\t\t\t<\/div>\n\t\t\t\t<div class=\"elementor-element elementor-element-2efdd20 elementor-hidden-desktop elementor-hidden-tablet elementor-hidden-mobile elementor-widget elementor-widget-text-editor\" data-id=\"2efdd20\" data-element_type=\"widget\" data-widget_type=\"text-editor.default\">\n\t\t\t\t<div class=\"elementor-widget-container\">\n\t\t\t\t\t\t\t\t\t<h2>Contacto Cadi<\/h2>\n<p>Hoy, CONTACTO CADI existe como el lugar donde pides ayuda y env\u00edas tus ideas de proyecto en caucho.<\/p>\n<p>Luego t\u00fa llenas el formulario con tu nombre, tu correo y un mensaje corto para contarnos qu\u00e9 necesitas.<\/p>\n<p>Despu\u00e9s de enviar el mensaje, nuestro equipo lee cada detalle y revisa con calma la mejor forma de apoyarte.<\/p>\n<p>Asimismo, la opci\u00f3n llamada contacto CADI proyecto sirve como puente para hablar sobre dise\u00f1os nuevos o mejoras en piezas actuales.<\/p>\n\n<h3>Contacto Cadi para tu proyecto<\/h3>\n<p>Mientras tanto, la alternativa contacto CADI Tel te permite llamarnos de forma directa cuando prefieres hablar por voz.<\/p>\n<p>Adem\u00e1s, el texto contacto CADI correo recuerda que tambi\u00e9n puedes escribirnos desde tu propia bandeja de entrada.<\/p>\n<p>Igualmente, esta misma p\u00e1gina de contacto re\u00fane todos estos medios para que recibas una respuesta sencilla y sin pasos complicados.<\/p>\n<p>Ahora, quienes quieren visitar la planta pueden usar la direcci\u00f3n que aparece al final para ubicar la entrada por la autopista Medell\u00edn\u2013Bogot\u00e1.<\/p>\n\n<p>Tambi\u00e9n la frase contacto CADI Guarne Antioquia indica que estamos muy cerca de ese municipio y de su zona industrial.<\/p>\n<p>Cerca del lugar, el acceso para camiones y carros es f\u00e1cil, por lo tanto las entregas y despachos se realizan sin problema.<\/p>\n<p>Por otro lado, el equipo de atenci\u00f3n responde dudas sobre horarios, citas, entregas y temas simples que pueden surgir antes de un pedido.<\/p>\n<p>Incluso, cada mensaje que llega desde esta secci\u00f3n se guarda de forma segura para cuidar tus datos de contacto.<\/p>\n\n<p>As\u00ed, la persona que escribe siente que nuestra empresa est\u00e1 abierta para escuchar, orientar y dar informaci\u00f3n clara.<\/p>\n<p>Finalmente, esta p\u00e1gina te permite adjuntar planos, fotos o ideas b\u00e1sicas, de modo que la respuesta llegue con m\u00e1s detalle y sea \u00fatil para tu proyecto.<\/p>\n<p>Quien se comunica por este medio sabe que cuidamos su mensaje y que solo usamos esa informaci\u00f3n para contestar y seguir la conversaci\u00f3n cuando es necesario.<\/p>\n\t\t\t\t\t\t\t\t<\/div>\n\t\t\t\t<\/div>\n\t\t\t\t<\/div>\n\t\t\t\t<\/div>","protected":false},"excerpt":{"rendered":"<p>Contacto Cadi ESTAMOS A TU DISPOSICI\u00d3N PARA CREAR TU PROYECTO Tel: (604) 444 14 11 311 290 20 48 Correo: cadi@industriascadi.com Cruce autopista Medell\u00edn-Bogot\u00e1 300 metros hacia el aeropuerto Jos\u00e9 Mar\u00eda C\u00f3rdoba, v\u00eda vereda La Hondita &#8211; Guarne, Antioquia Contacto Cadi Hoy, CONTACTO CADI existe como el lugar donde pides ayuda y env\u00edas tus ideas [&hellip;]<\/p>","protected":false},"author":2,"featured_media":1742,"parent":0,"menu_order":0,"comment_status":"closed","ping_status":"closed","template":"","meta":{"footnotes":""},"class_list":["post-1377","page","type-page","status-publish","has-post-thumbnail","hentry"],"yoast_head":"<!-- This site is optimized with the Yoast SEO Premium plugin v26.6 (Yoast SEO v26.6) - https:\/\/yoast.com\/wordpress\/plugins\/seo\/ -->\n<title>Contacto CADI - Industrias Cadi<\/title>\n<meta name=\"description\" content=\"Contacto Cadi: Estamos a tu disposici\u00f3n para crear tu proyecto. Com\u00fanicate con nosotros y con gusto te atender\u00e9mos.\" \/>\n<meta name=\"robots\" content=\"index, follow, max-snippet:-1, max-image-preview:large, max-video-preview:-1\" \/>\n<link rel=\"canonical\" href=\"https:\/\/industriascadi.com\/en\/contacto-cadi\/\" \/>\n<meta property=\"og:locale\" content=\"en_US\" \/>\n<meta property=\"og:type\" content=\"article\" \/>\n<meta property=\"og:title\" content=\"CONTACTO\" \/>\n<meta property=\"og:description\" content=\"Contacto Cadi: Estamos a tu disposici\u00f3n para crear tu proyecto. Com\u00fanicate con nosotros y con gusto te atender\u00e9mos.\" \/>\n<meta property=\"og:url\" content=\"https:\/\/industriascadi.com\/en\/contacto-cadi\/\" \/>\n<meta property=\"og:site_name\" content=\"Industrias Cadi\" \/>\n<meta property=\"article:modified_time\" content=\"2026-03-18T23:35:14+00:00\" \/>\n<meta property=\"og:image\" content=\"https:\/\/industriascadi.com\/wp-content\/uploads\/2025\/11\/Contact.jpg\" \/>\n\t<meta property=\"og:image:width\" content=\"1920\" \/>\n\t<meta property=\"og:image:height\" content=\"1080\" \/>\n\t<meta property=\"og:image:type\" content=\"image\/jpeg\" \/>\n<meta name=\"twitter:card\" content=\"summary_large_image\" \/>\n<meta name=\"twitter:label1\" content=\"Est. reading time\" \/>\n\t<meta name=\"twitter:data1\" content=\"2 minutes\" \/>\n<script type=\"application\/ld+json\" class=\"yoast-schema-graph\">{\"@context\":\"https:\/\/schema.org\",\"@graph\":[{\"@type\":\"WebPage\",\"@id\":\"https:\/\/industriascadi.com\/contacto-cadi\/\",\"url\":\"https:\/\/industriascadi.com\/contacto-cadi\/\",\"name\":\"Contacto CADI - Industrias Cadi\",\"isPartOf\":{\"@id\":\"https:\/\/industriascadi.com\/#website\"},\"primaryImageOfPage\":{\"@id\":\"https:\/\/industriascadi.com\/contacto-cadi\/#primaryimage\"},\"image\":{\"@id\":\"https:\/\/industriascadi.com\/contacto-cadi\/#primaryimage\"},\"thumbnailUrl\":\"https:\/\/industriascadi.com\/wp-content\/uploads\/2025\/11\/Contact.jpg\",\"datePublished\":\"2025-10-02T10:03:04+00:00\",\"dateModified\":\"2026-03-18T23:35:14+00:00\",\"description\":\"Contacto Cadi: Estamos a tu disposici\u00f3n para crear tu proyecto. Com\u00fanicate con nosotros y con gusto te atender\u00e9mos.\",\"breadcrumb\":{\"@id\":\"https:\/\/industriascadi.com\/contacto-cadi\/#breadcrumb\"},\"inLanguage\":\"en-US\",\"potentialAction\":[{\"@type\":\"ReadAction\",\"target\":[\"https:\/\/industriascadi.com\/contacto-cadi\/\"]}]},{\"@type\":\"ImageObject\",\"inLanguage\":\"en-US\",\"@id\":\"https:\/\/industriascadi.com\/contacto-cadi\/#primaryimage\",\"url\":\"https:\/\/industriascadi.com\/wp-content\/uploads\/2025\/11\/Contact.jpg\",\"contentUrl\":\"https:\/\/industriascadi.com\/wp-content\/uploads\/2025\/11\/Contact.jpg\",\"width\":1920,\"height\":1080,\"caption\":\"Contacto Cadi | Industrias CADI\"},{\"@type\":\"BreadcrumbList\",\"@id\":\"https:\/\/industriascadi.com\/contacto-cadi\/#breadcrumb\",\"itemListElement\":[{\"@type\":\"ListItem\",\"position\":1,\"name\":\"Home\",\"item\":\"https:\/\/industriascadi.com\/\"},{\"@type\":\"ListItem\",\"position\":2,\"name\":\"CONTACTO\"}]},{\"@type\":\"WebSite\",\"@id\":\"https:\/\/industriascadi.com\/#website\",\"url\":\"https:\/\/industriascadi.com\/\",\"name\":\"Industrias Cadi\",\"description\":\"- Art\u00edculos T\u00e9cnicos de Caucho\",\"potentialAction\":[{\"@type\":\"SearchAction\",\"target\":{\"@type\":\"EntryPoint\",\"urlTemplate\":\"https:\/\/industriascadi.com\/?s={search_term_string}\"},\"query-input\":{\"@type\":\"PropertyValueSpecification\",\"valueRequired\":true,\"valueName\":\"search_term_string\"}}],\"inLanguage\":\"en-US\"}]}<\/script>\n<!-- \/ Yoast SEO Premium plugin. -->","yoast_head_json":{"title":"Contacto CADI - Industrias Cadi","description":"Contacto Cadi: Estamos a tu disposici\u00f3n para crear tu proyecto. Com\u00fanicate con nosotros y con gusto te atender\u00e9mos.","robots":{"index":"index","follow":"follow","max-snippet":"max-snippet:-1","max-image-preview":"max-image-preview:large","max-video-preview":"max-video-preview:-1"},"canonical":"https:\/\/industriascadi.com\/en\/contacto-cadi\/","og_locale":"en_US","og_type":"article","og_title":"CONTACTO","og_description":"Contacto Cadi: Estamos a tu disposici\u00f3n para crear tu proyecto. Com\u00fanicate con nosotros y con gusto te atender\u00e9mos.","og_url":"https:\/\/industriascadi.com\/en\/contacto-cadi\/","og_site_name":"Industrias Cadi","article_modified_time":"2026-03-18T23:35:14+00:00","og_image":[{"width":1920,"height":1080,"url":"https:\/\/industriascadi.com\/wp-content\/uploads\/2025\/11\/Contact.jpg","type":"image\/jpeg"}],"twitter_card":"summary_large_image","twitter_misc":{"Est. reading time":"2 minutes"},"schema":{"@context":"https:\/\/schema.org","@graph":[{"@type":"WebPage","@id":"https:\/\/industriascadi.com\/contacto-cadi\/","url":"https:\/\/industriascadi.com\/contacto-cadi\/","name":"Contacto CADI - Industrias Cadi","isPartOf":{"@id":"https:\/\/industriascadi.com\/#website"},"primaryImageOfPage":{"@id":"https:\/\/industriascadi.com\/contacto-cadi\/#primaryimage"},"image":{"@id":"https:\/\/industriascadi.com\/contacto-cadi\/#primaryimage"},"thumbnailUrl":"https:\/\/industriascadi.com\/wp-content\/uploads\/2025\/11\/Contact.jpg","datePublished":"2025-10-02T10:03:04+00:00","dateModified":"2026-03-18T23:35:14+00:00","description":"Contacto Cadi: Estamos a tu disposici\u00f3n para crear tu proyecto. Com\u00fanicate con nosotros y con gusto te atender\u00e9mos.","breadcrumb":{"@id":"https:\/\/industriascadi.com\/contacto-cadi\/#breadcrumb"},"inLanguage":"en-US","potentialAction":[{"@type":"ReadAction","target":["https:\/\/industriascadi.com\/contacto-cadi\/"]}]},{"@type":"ImageObject","inLanguage":"en-US","@id":"https:\/\/industriascadi.com\/contacto-cadi\/#primaryimage","url":"https:\/\/industriascadi.com\/wp-content\/uploads\/2025\/11\/Contact.jpg","contentUrl":"https:\/\/industriascadi.com\/wp-content\/uploads\/2025\/11\/Contact.jpg","width":1920,"height":1080,"caption":"Contacto Cadi | Industrias CADI"},{"@type":"BreadcrumbList","@id":"https:\/\/industriascadi.com\/contacto-cadi\/#breadcrumb","itemListElement":[{"@type":"ListItem","position":1,"name":"Home","item":"https:\/\/industriascadi.com\/"},{"@type":"ListItem","position":2,"name":"CONTACTO"}]},{"@type":"WebSite","@id":"https:\/\/industriascadi.com\/#website","url":"https:\/\/industriascadi.com\/","name":"Industrias Cadi","description":"- Art\u00edculos T\u00e9cnicos de Caucho","potentialAction":[{"@type":"SearchAction","target":{"@type":"EntryPoint","urlTemplate":"https:\/\/industriascadi.com\/?s={search_term_string}"},"query-input":{"@type":"PropertyValueSpecification","valueRequired":true,"valueName":"search_term_string"}}],"inLanguage":"en-US"}]}},"_links":{"self":[{"href":"https:\/\/industriascadi.com\/en\/wp-json\/wp\/v2\/pages\/1377","targetHints":{"allow":["GET"]}}],"collection":[{"href":"https:\/\/industriascadi.com\/en\/wp-json\/wp\/v2\/pages"}],"about":[{"href":"https:\/\/industriascadi.com\/en\/wp-json\/wp\/v2\/types\/page"}],"author":[{"embeddable":true,"href":"https:\/\/industriascadi.com\/en\/wp-json\/wp\/v2\/users\/2"}],"replies":[{"embeddable":true,"href":"https:\/\/industriascadi.com\/en\/wp-json\/wp\/v2\/comments?post=1377"}],"version-history":[{"count":60,"href":"https:\/\/industriascadi.com\/en\/wp-json\/wp\/v2\/pages\/1377\/revisions"}],"predecessor-version":[{"id":2221,"href":"https:\/\/industriascadi.com\/en\/wp-json\/wp\/v2\/pages\/1377\/revisions\/2221"}],"wp:featuredmedia":[{"embeddable":true,"href":"https:\/\/industriascadi.com\/en\/wp-json\/wp\/v2\/media\/1742"}],"wp:attachment":[{"href":"https:\/\/industriascadi.com\/en\/wp-json\/wp\/v2\/media?parent=1377"}],"curies":[{"name":"wp","href":"https:\/\/api.w.org\/{rel}","templated":true}]}}